{"id":8,"date":"2026-03-26T17:29:30","date_gmt":"2026-03-26T17:29:30","guid":{"rendered":"https:\/\/sahkoasennuspapunen.fi\/?page_id=8"},"modified":"2026-03-30T15:58:05","modified_gmt":"2026-03-30T15:58:05","slug":"sahkoasennus-papunen","status":"publish","type":"page","link":"https:\/\/sahkoasennuspapunen.fi\/","title":{"rendered":"S\u00e4hk\u00f6asennus Papunen &#8211; Kemi, Keminmaa, Tornio ja Meri-Lappi"},"content":{"rendered":"\n<div class=\"wp-block-group has-global-padding is-layout-constrained wp-container-core-group-is-layout-650790e1 wp-block-group-is-layout-constrained\">\n<div style=\"height:1.25rem\" aria-hidden=\"true\" class=\"wp-block-spacer\"><\/div>\n\n\n\n<p class=\"has-text-align-center\">Tarvitsetko luotettavan s\u00e4hk\u00f6asentajan Kemiss\u00e4 ja l\u00e4hialueella? S\u00e4hk\u00f6asennus Papunen tarjoaa ammattitaitoiset s\u00e4hk\u00f6ty\u00f6t nopeasti ja turvallisesti Kemiss\u00e4 ja l\u00e4hialueella.<\/p>\n\n\n\n<p><\/p>\n\n\n\n<p>Teemme kaikki s\u00e4hk\u00f6ty\u00f6t, kuten s\u00e4hk\u00f6asennukset, vikakorjaukset ja s\u00e4hk\u00f6remontit. Palvelemme niin kotitalouksia kuin yrityksi\u00e4kin.<\/p>\n\n\n\n<div style=\"height:1.25rem\" aria-hidden=\"true\" class=\"wp-block-spacer\"><\/div>\n\n\n\n<div class=\"wp-block-buttons is-content-justification-center is-layout-flex wp-container-core-buttons-is-layout-a89b3969 wp-block-buttons-is-layout-flex\">\n<div class=\"wp-block-button\"><a class=\"wp-block-button__link wp-element-button\" href=\"https:\/\/sahkoasennuspapunen.fi\/?page_id=23\">Yhteystiedot<\/a><\/div>\n\n\n\n<div class=\"wp-block-button\"><a class=\"wp-block-button__link wp-element-button\" href=\"https:\/\/sahkoasennuspapunen.fi\/?page_id=24\">Meist\u00e4<\/a><\/div>\n\n\n\n<div class=\"wp-block-button\"><a class=\"wp-block-button__link wp-element-button\" href=\"https:\/\/sahkoasennuspapunen.fi\/?page_id=25\">Tarjouspyynt\u00f6<\/a><\/div>\n<\/div>\n<\/div>\n\n\n\n<div class=\"wp-block-group alignfull has-global-padding is-layout-constrained wp-container-core-group-is-layout-490fa1db wp-block-group-is-layout-constrained\" style=\"padding-top:var(--wp--preset--spacing--50);padding-right:var(--wp--preset--spacing--50);padding-bottom:var(--wp--preset--spacing--50);padding-left:var(--wp--preset--spacing--50)\">\n<figure class=\"wp-block-gallery alignwide has-nested-images columns-default is-cropped wp-block-gallery-2 is-layout-flex wp-block-gallery-is-layout-flex\">\n<figure class=\"wp-block-image size-full is-style-rounded is-style-rounded--1\"><img loading=\"lazy\" decoding=\"async\" width=\"1920\" height=\"1280\" data-id=\"20\" src=\"https:\/\/sahkoasennuspapunen.fi\/wp-content\/uploads\/2026\/03\/image4you-electric-4198293_1920.jpg\" alt=\"Etusivu kuva\" class=\"wp-image-20\" srcset=\"https:\/\/sahkoasennuspapunen.fi\/wp-content\/uploads\/2026\/03\/image4you-electric-4198293_1920.jpg 1920w, https:\/\/sahkoasennuspapunen.fi\/wp-content\/uploads\/2026\/03\/image4you-electric-4198293_1920-300x200.jpg 300w, https:\/\/sahkoasennuspapunen.fi\/wp-content\/uploads\/2026\/03\/image4you-electric-4198293_1920-1024x683.jpg 1024w, https:\/\/sahkoasennuspapunen.fi\/wp-content\/uploads\/2026\/03\/image4you-electric-4198293_1920-768x512.jpg 768w, https:\/\/sahkoasennuspapunen.fi\/wp-content\/uploads\/2026\/03\/image4you-electric-4198293_1920-1536x1024.jpg 1536w\" sizes=\"auto, (max-width: 1920px) 100vw, 1920px\" \/><\/figure>\n<\/figure>\n<\/div>\n","protected":false},"excerpt":{"rendered":"<p>Tarvitsetko luotettavan s\u00e4hk\u00f6asentajan Kemiss\u00e4 ja l\u00e4hialueella? S\u00e4hk\u00f6asennus Papunen tarjoaa ammattitaitoiset s\u00e4hk\u00f6ty\u00f6t nopeasti ja turvallisesti Kemiss\u00e4 ja l\u00e4hialueella. Teemme kaikki s\u00e4hk\u00f6ty\u00f6t, kuten s\u00e4hk\u00f6asennukset, vikakorjaukset ja s\u00e4hk\u00f6remontit. Palvelemme niin kotitalouksia kuin yrityksi\u00e4kin.<\/p>\n","protected":false},"author":1,"featured_media":10,"parent":0,"menu_order":0,"comment_status":"closed","ping_status":"closed","template":"","meta":{"om_disable_all_campaigns":false,"_monsterinsights_skip_tracking":false,"_monsterinsights_sitenote_active":false,"_monsterinsights_sitenote_note":"","_monsterinsights_sitenote_category":0,"footnotes":""},"class_list":["post-8","page","type-page","status-publish","has-post-thumbnail","hentry"],"aioseo_notices":[],"_links":{"self":[{"href":"https:\/\/sahkoasennuspapunen.fi\/index.php?rest_route=\/wp\/v2\/pages\/8","targetHints":{"allow":["GET"]}}],"collection":[{"href":"https:\/\/sahkoasennuspapunen.fi\/index.php?rest_route=\/wp\/v2\/pages"}],"about":[{"href":"https:\/\/sahkoasennuspapunen.fi\/index.php?rest_route=\/wp\/v2\/types\/page"}],"author":[{"embeddable":true,"href":"https:\/\/sahkoasennuspapunen.fi\/index.php?rest_route=\/wp\/v2\/users\/1"}],"replies":[{"embeddable":true,"href":"https:\/\/sahkoasennuspapunen.fi\/index.php?rest_route=%2Fwp%2Fv2%2Fcomments&post=8"}],"version-history":[{"count":13,"href":"https:\/\/sahkoasennuspapunen.fi\/index.php?rest_route=\/wp\/v2\/pages\/8\/revisions"}],"predecessor-version":[{"id":81,"href":"https:\/\/sahkoasennuspapunen.fi\/index.php?rest_route=\/wp\/v2\/pages\/8\/revisions\/81"}],"wp:featuredmedia":[{"embeddable":true,"href":"https:\/\/sahkoasennuspapunen.fi\/index.php?rest_route=\/wp\/v2\/media\/10"}],"wp:attachment":[{"href":"https:\/\/sahkoasennuspapunen.fi\/index.php?rest_route=%2Fwp%2Fv2%2Fmedia&parent=8"}],"curies":[{"name":"wp","href":"https:\/\/api.w.org\/{rel}","templated":true}]}}