{"id":24,"date":"2026-03-26T17:40:21","date_gmt":"2026-03-26T17:40:21","guid":{"rendered":"https:\/\/sahkoasennuspapunen.fi\/?page_id=24"},"modified":"2026-03-30T15:02:00","modified_gmt":"2026-03-30T15:02:00","slug":"meista","status":"publish","type":"page","link":"https:\/\/sahkoasennuspapunen.fi\/?page_id=24","title":{"rendered":"Meist\u00e4"},"content":{"rendered":"\n<figure class=\"wp-block-image size-large\"><img loading=\"lazy\" decoding=\"async\" width=\"1024\" height=\"576\" src=\"https:\/\/sahkoasennuspapunen.fi\/wp-content\/uploads\/2026\/03\/taken-wire-1098059_1920-1024x576.jpg\" alt=\"\" class=\"wp-image-19\" srcset=\"https:\/\/sahkoasennuspapunen.fi\/wp-content\/uploads\/2026\/03\/taken-wire-1098059_1920-1024x576.jpg 1024w, https:\/\/sahkoasennuspapunen.fi\/wp-content\/uploads\/2026\/03\/taken-wire-1098059_1920-300x169.jpg 300w, https:\/\/sahkoasennuspapunen.fi\/wp-content\/uploads\/2026\/03\/taken-wire-1098059_1920-768x432.jpg 768w, https:\/\/sahkoasennuspapunen.fi\/wp-content\/uploads\/2026\/03\/taken-wire-1098059_1920-1536x864.jpg 1536w, https:\/\/sahkoasennuspapunen.fi\/wp-content\/uploads\/2026\/03\/taken-wire-1098059_1920.jpg 1920w\" sizes=\"auto, (max-width: 1024px) 100vw, 1024px\" \/><\/figure>\n\n\n\n<p>Olemme TUKESin valtuuttama s\u00e4hk\u00f6asennusliike, jolla on S2-asennusoikeudet. S\u00e4hk\u00f6asennus Papunen tarjoaa ammattitaitoiset s\u00e4hk\u00f6ty\u00f6t nopeasti ja turvallisesti Kemiss\u00e4 ja l\u00e4hialueella. Teemme s\u00e4hk\u00f6asennuksia luotettavasti ja ammattitaidolla p\u00e4\u00e4asiassa Meri-Lapin alueella. Teemme kaikki s\u00e4hk\u00f6ty\u00f6t, kuten s\u00e4hk\u00f6asennukset, vikakorjaukset ja s\u00e4hk\u00f6remontit. Palvelemme niin kotitalouksia kuin yrityksi\u00e4kin. <\/p>\n\n\n\n<p>J\u00e4t\u00e4 tarjouspyynt\u00f6 tai kysy lis\u00e4\u00e4 puhelimitse \/ s\u00e4hk\u00f6postin kautta.<\/p>\n\n\n\n<p><\/p>\n\n\n\n<p>Ota rohkeasti yhteytt\u00e4.<\/p>\n\n\n\n<div class=\"wp-block-buttons is-content-justification-center is-layout-flex wp-container-core-buttons-is-layout-a89b3969 wp-block-buttons-is-layout-flex\">\n<div class=\"wp-block-button\"><a class=\"wp-block-button__link wp-element-button\" href=\"https:\/\/sahkoasennuspapunen.fi\/?page_id=23\">Yhteystiedot<\/a><\/div>\n\n\n\n<div class=\"wp-block-button\"><a class=\"wp-block-button__link wp-element-button\" href=\"https:\/\/sahkoasennuspapunen.fi\/?page_id=25\">Tarjouspyynt\u00f6<\/a><\/div>\n<\/div>\n","protected":false},"excerpt":{"rendered":"<p>Olemme TUKESin valtuuttama s\u00e4hk\u00f6asennusliike, jolla on S2-asennusoikeudet. S\u00e4hk\u00f6asennus Papunen tarjoaa ammattitaitoiset s\u00e4hk\u00f6ty\u00f6t nopeasti ja turvallisesti Kemiss\u00e4 ja l\u00e4hialueella. Teemme s\u00e4hk\u00f6asennuksia luotettavasti ja ammattitaidolla p\u00e4\u00e4asiassa Meri-Lapin alueella. Teemme kaikki s\u00e4hk\u00f6ty\u00f6t, kuten s\u00e4hk\u00f6asennukset, vikakorjaukset ja s\u00e4hk\u00f6remontit. Palvelemme niin kotitalouksia kuin yrityksi\u00e4kin. J\u00e4t\u00e4 tarjouspyynt\u00f6 tai kysy lis\u00e4\u00e4 puhelimitse \/ s\u00e4hk\u00f6postin kautta. Ota rohkeasti yhteytt\u00e4.<\/p>\n","protected":false},"author":1,"featured_media":0,"parent":0,"menu_order":0,"comment_status":"closed","ping_status":"closed","template":"","meta":{"om_disable_all_campaigns":false,"_monsterinsights_skip_tracking":false,"_monsterinsights_sitenote_active":false,"_monsterinsights_sitenote_note":"","_monsterinsights_sitenote_category":0,"footnotes":""},"class_list":["post-24","page","type-page","status-publish","hentry"],"aioseo_notices":[],"_links":{"self":[{"href":"https:\/\/sahkoasennuspapunen.fi\/index.php?rest_route=\/wp\/v2\/pages\/24","targetHints":{"allow":["GET"]}}],"collection":[{"href":"https:\/\/sahkoasennuspapunen.fi\/index.php?rest_route=\/wp\/v2\/pages"}],"about":[{"href":"https:\/\/sahkoasennuspapunen.fi\/index.php?rest_route=\/wp\/v2\/types\/page"}],"author":[{"embeddable":true,"href":"https:\/\/sahkoasennuspapunen.fi\/index.php?rest_route=\/wp\/v2\/users\/1"}],"replies":[{"embeddable":true,"href":"https:\/\/sahkoasennuspapunen.fi\/index.php?rest_route=%2Fwp%2Fv2%2Fcomments&post=24"}],"version-history":[{"count":11,"href":"https:\/\/sahkoasennuspapunen.fi\/index.php?rest_route=\/wp\/v2\/pages\/24\/revisions"}],"predecessor-version":[{"id":91,"href":"https:\/\/sahkoasennuspapunen.fi\/index.php?rest_route=\/wp\/v2\/pages\/24\/revisions\/91"}],"wp:attachment":[{"href":"https:\/\/sahkoasennuspapunen.fi\/index.php?rest_route=%2Fwp%2Fv2%2Fmedia&parent=24"}],"curies":[{"name":"wp","href":"https:\/\/api.w.org\/{rel}","templated":true}]}}